{"id":152,"date":"2024-02-14T00:35:08","date_gmt":"2024-02-13T23:35:08","guid":{"rendered":"https:\/\/thibautmarot.com\/?post_type=product&#038;p=152"},"modified":"2024-02-15T14:09:27","modified_gmt":"2024-02-15T13:09:27","slug":"pulsations-meije","status":"publish","type":"product","link":"https:\/\/thibautmarot.com\/?product=pulsations-meije","title":{"rendered":"Pulsations | Meije \u00e0 l&#8217;heure bleue"},"content":{"rendered":"<p>Tirage au jet d&#8217;encre pigmentaire sur Epson P20000 sur papier ultra smooth <span class=\"text-nowrap\">Hahnem\u00fchle |\u00a0<\/span><span class=\"text-nowrap\">Grammage : 305g\u00a0<\/span><\/p>\n<p>Surface lisse, blanc naturel mat, toucher tr\u00e8s soyeux.<\/p>\n<p>Ce papier contribue au d\u00e9veloppement durable et \u00e0 la pr\u00e9servation des ressources.<\/p>\n<p>Fourni avec certificat d\u2019authenticit\u00e9 sign\u00e9 par l\u2019auteur et facture.<\/p>\n<p>S\u00e9rie limit\u00e9e \u00e0 30 exemplaires.<\/p>\n","protected":false},"excerpt":{"rendered":"<p>Tirage au jet d&#8217;encre pigmentaire sur Epson P20000 sur papier ultra smooth Hahnem\u00fchle |\u00a0Grammage : 305g\u00a0 Surface lisse, blanc naturel mat, toucher tr\u00e8s soyeux. Ce papier contribue au d\u00e9veloppement durable et \u00e0 la pr\u00e9servation des ressources. Fourni avec certificat d\u2019authenticit\u00e9 sign\u00e9 par l\u2019auteur et facture. S\u00e9rie limit\u00e9e \u00e0 30 exemplaires.<\/p>\n","protected":false},"featured_media":148,"template":"","meta":{"_et_pb_use_builder":"off","_et_pb_old_content":"","_et_gb_content_width":""},"product_cat":[22],"product_tag":[],"jetpack_sharing_enabled":true,"_links":{"self":[{"href":"https:\/\/thibautmarot.com\/index.php?rest_route=\/wp\/v2\/product\/152"}],"collection":[{"href":"https:\/\/thibautmarot.com\/index.php?rest_route=\/wp\/v2\/product"}],"about":[{"href":"https:\/\/thibautmarot.com\/index.php?rest_route=\/wp\/v2\/types\/product"}],"wp:featuredmedia":[{"embeddable":true,"href":"https:\/\/thibautmarot.com\/index.php?rest_route=\/wp\/v2\/media\/148"}],"wp:attachment":[{"href":"https:\/\/thibautmarot.com\/index.php?rest_route=%2Fwp%2Fv2%2Fmedia&parent=152"}],"wp:term":[{"taxonomy":"product_cat","embeddable":true,"href":"https:\/\/thibautmarot.com\/index.php?rest_route=%2Fwp%2Fv2%2Fproduct_cat&post=152"},{"taxonomy":"product_tag","embeddable":true,"href":"https:\/\/thibautmarot.com\/index.php?rest_route=%2Fwp%2Fv2%2Fproduct_tag&post=152"}],"curies":[{"name":"wp","href":"https:\/\/api.w.org\/{rel}","templated":true}]}}